{"id":525,"date":"2022-11-22T10:20:24","date_gmt":"2022-11-22T10:20:24","guid":{"rendered":"https:\/\/monkeyfeet.net\/producto\/hoodie-with-logo\/"},"modified":"2025-03-01T00:11:25","modified_gmt":"2025-03-01T00:11:25","slug":"monkey-feet-la-solucion-para-domar-los-pies-de-gato","status":"publish","type":"product","link":"https:\/\/monkeyfeet.net\/es\/producto\/monkey-feet-la-solucion-para-domar-los-pies-de-gato\/","title":{"rendered":"Monkey Feet\u00ae 150ml"},"content":{"rendered":"<p>Monkey Feet es una loci\u00f3n en spray especialmente desarrollada para escaladores para facilitar el calzado de escalada y utilizar tallas m\u00e1s peque\u00f1as para mejorar el rendimiento.<\/p>\n<p>Para un rendimiento \u00f3ptimo, ag\u00edtelo y pulver\u00edcelo de 3 a 5 veces en la punta y el tal\u00f3n del interior del pie de gato, y p\u00f3ngaselo inmediatamente despu\u00e9s.<\/p>\n<p>Por lo general, los nuevos zapatos de escalada requerir\u00edan m\u00e1s aplicaciones que los zapatos ya rotos. Este producto no da\u00f1a el calzado, por lo que este proceso puede repetirse tantas veces como se desee.<\/p>\n<p>F\u00e1cil de transportar y ligero, se presenta en un envase de aluminio reciclable de 150 ml.<br \/>\nSus colores brillantes hacen que destaque en tu mochila de escalada, por lo que se puede encontrar r\u00e1pidamente.<\/p>\n","protected":false},"excerpt":{"rendered":"<h2><strong>LL\u00c9VATE GRATIS CON TU BOTE DE MONKEY FEET UNA BOLSA DE MAGNESIO EN POLVO.<\/strong><\/h2>\n<p>La soluci\u00f3n definitiva para el calzado de escalada.<\/p>\n<ul>\n<li>Utiliza tallas m\u00e1s peque\u00f1as m\u00e1s f\u00e1cilmente, acelera el tiempo de domado, reduce el estr\u00e9s, desodoriza y perfuma, 100% Vegano, desarrollado y dise\u00f1ado en Espa\u00f1a.<\/li>\n<\/ul>\n","protected":false},"featured_media":277,"comment_status":"open","ping_status":"closed","template":"","meta":[],"product_cat":[28],"product_tag":[],"class_list":{"0":"post-525","1":"product","2":"type-product","3":"status-publish","4":"has-post-thumbnail","6":"product_cat-monkey-feet","8":"first","9":"instock","10":"shipping-taxable","11":"purchasable","12":"product-type-simple"},"yoast_head":"<!-- This site is optimized with the Yoast SEO plugin v23.6 - https:\/\/yoast.com\/wordpress\/plugins\/seo\/ -->\n<title>Monkey Feet la soluci\u00f3n para domar los pies de gato<\/title>\n<meta name=\"description\" content=\"Monkey Feet es la soluci\u00f3n para domar los pies de gato en tiempo r\u00e9cord. Usa tallas m\u00e1s peque\u00f1as y mejora el rendimiento.\" \/>\n<meta name=\"robots\" content=\"index, follow, max-snippet:-1, max-image-preview:large, max-video-preview:-1\" \/>\n<link rel=\"canonical\" href=\"https:\/\/monkeyfeet.net\/es\/producto\/monkey-feet-la-solucion-para-domar-los-pies-de-gato\/\" \/>\n<meta property=\"og:locale\" content=\"es_ES\" \/>\n<meta property=\"og:type\" content=\"article\" \/>\n<meta property=\"og:title\" content=\"Monkey Feet la soluci\u00f3n para domar los pies de gato\" \/>\n<meta property=\"og:description\" content=\"Monkey Feet es la soluci\u00f3n para domar los pies de gato en tiempo r\u00e9cord. Usa tallas m\u00e1s peque\u00f1as y mejora el rendimiento.\" \/>\n<meta property=\"og:url\" content=\"https:\/\/monkeyfeet.net\/es\/producto\/monkey-feet-la-solucion-para-domar-los-pies-de-gato\/\" \/>\n<meta property=\"og:site_name\" content=\"Monkey Feet\" \/>\n<meta property=\"article:publisher\" content=\"https:\/\/www.facebook.com\/themonkeyclimber\" \/>\n<meta property=\"article:modified_time\" content=\"2025-03-01T00:11:25+00:00\" \/>\n<meta property=\"og:image\" content=\"https:\/\/monkeyfeet.net\/wp-content\/uploads\/2021\/12\/BOTE-MONKEY.png\" \/>\n\t<meta property=\"og:image:width\" content=\"1863\" \/>\n\t<meta property=\"og:image:height\" content=\"1920\" \/>\n\t<meta property=\"og:image:type\" content=\"image\/png\" \/>\n<meta name=\"twitter:card\" content=\"summary_large_image\" \/>\n<meta name=\"twitter:label1\" content=\"Tiempo de lectura\" \/>\n\t<meta name=\"twitter:data1\" content=\"1 minuto\" \/>\n<script type=\"application\/ld+json\" class=\"yoast-schema-graph\">{\"@context\":\"https:\/\/schema.org\",\"@graph\":[{\"@type\":\"WebPage\",\"@id\":\"https:\/\/monkeyfeet.net\/es\/producto\/monkey-feet-la-solucion-para-domar-los-pies-de-gato\/\",\"url\":\"https:\/\/monkeyfeet.net\/es\/producto\/monkey-feet-la-solucion-para-domar-los-pies-de-gato\/\",\"name\":\"Monkey Feet la soluci\u00f3n para domar los pies de gato\",\"isPartOf\":{\"@id\":\"https:\/\/monkeyfeet.net\/#website\"},\"primaryImageOfPage\":{\"@id\":\"https:\/\/monkeyfeet.net\/es\/producto\/monkey-feet-la-solucion-para-domar-los-pies-de-gato\/#primaryimage\"},\"image\":{\"@id\":\"https:\/\/monkeyfeet.net\/es\/producto\/monkey-feet-la-solucion-para-domar-los-pies-de-gato\/#primaryimage\"},\"thumbnailUrl\":\"https:\/\/monkeyfeet.net\/wp-content\/uploads\/2021\/12\/BOTE-MONKEY.png\",\"datePublished\":\"2022-11-22T10:20:24+00:00\",\"dateModified\":\"2025-03-01T00:11:25+00:00\",\"description\":\"Monkey Feet es la soluci\u00f3n para domar los pies de gato en tiempo r\u00e9cord. Usa tallas m\u00e1s peque\u00f1as y mejora el rendimiento.\",\"breadcrumb\":{\"@id\":\"https:\/\/monkeyfeet.net\/es\/producto\/monkey-feet-la-solucion-para-domar-los-pies-de-gato\/#breadcrumb\"},\"inLanguage\":\"es\",\"potentialAction\":[{\"@type\":\"ReadAction\",\"target\":[\"https:\/\/monkeyfeet.net\/es\/producto\/monkey-feet-la-solucion-para-domar-los-pies-de-gato\/\"]}]},{\"@type\":\"ImageObject\",\"inLanguage\":\"es\",\"@id\":\"https:\/\/monkeyfeet.net\/es\/producto\/monkey-feet-la-solucion-para-domar-los-pies-de-gato\/#primaryimage\",\"url\":\"https:\/\/monkeyfeet.net\/wp-content\/uploads\/2021\/12\/BOTE-MONKEY.png\",\"contentUrl\":\"https:\/\/monkeyfeet.net\/wp-content\/uploads\/2021\/12\/BOTE-MONKEY.png\",\"width\":1863,\"height\":1920,\"caption\":\"Monkey Feet para domar pies de gato\"},{\"@type\":\"BreadcrumbList\",\"@id\":\"https:\/\/monkeyfeet.net\/es\/producto\/monkey-feet-la-solucion-para-domar-los-pies-de-gato\/#breadcrumb\",\"itemListElement\":[{\"@type\":\"ListItem\",\"position\":1,\"name\":\"Portada\",\"item\":\"https:\/\/monkeyfeet.net\/es\/\"},{\"@type\":\"ListItem\",\"position\":2,\"name\":\"Tienda\",\"item\":\"https:\/\/monkeyfeet.net\/tienda\/\"},{\"@type\":\"ListItem\",\"position\":3,\"name\":\"Monkey Feet\u00ae 150ml\"}]},{\"@type\":\"WebSite\",\"@id\":\"https:\/\/monkeyfeet.net\/#website\",\"url\":\"https:\/\/monkeyfeet.net\/\",\"name\":\"Monkey Feet\",\"description\":\"La soluci\u00f3n definitiva para domar los pies de gato\",\"publisher\":{\"@id\":\"https:\/\/monkeyfeet.net\/#organization\"},\"potentialAction\":[{\"@type\":\"SearchAction\",\"target\":{\"@type\":\"EntryPoint\",\"urlTemplate\":\"https:\/\/monkeyfeet.net\/?s={search_term_string}\"},\"query-input\":{\"@type\":\"PropertyValueSpecification\",\"valueRequired\":true,\"valueName\":\"search_term_string\"}}],\"inLanguage\":\"es\"},{\"@type\":\"Organization\",\"@id\":\"https:\/\/monkeyfeet.net\/#organization\",\"name\":\"The Monkey Climber\",\"url\":\"https:\/\/monkeyfeet.net\/\",\"logo\":{\"@type\":\"ImageObject\",\"inLanguage\":\"es\",\"@id\":\"https:\/\/monkeyfeet.net\/#\/schema\/logo\/image\/\",\"url\":\"https:\/\/monkeyfeet.net\/wp-content\/uploads\/2022\/01\/Recurso-3@3x.png\",\"contentUrl\":\"https:\/\/monkeyfeet.net\/wp-content\/uploads\/2022\/01\/Recurso-3@3x.png\",\"width\":2035,\"height\":1036,\"caption\":\"The Monkey Climber\"},\"image\":{\"@id\":\"https:\/\/monkeyfeet.net\/#\/schema\/logo\/image\/\"},\"sameAs\":[\"https:\/\/www.facebook.com\/themonkeyclimber\",\"https:\/\/www.instagram.com\/themonkeyclimber\/\"]}]}<\/script>\n<!-- \/ Yoast SEO plugin. -->","yoast_head_json":{"title":"Monkey Feet la soluci\u00f3n para domar los pies de gato","description":"Monkey Feet es la soluci\u00f3n para domar los pies de gato en tiempo r\u00e9cord. Usa tallas m\u00e1s peque\u00f1as y mejora el rendimiento.","robots":{"index":"index","follow":"follow","max-snippet":"max-snippet:-1","max-image-preview":"max-image-preview:large","max-video-preview":"max-video-preview:-1"},"canonical":"https:\/\/monkeyfeet.net\/es\/producto\/monkey-feet-la-solucion-para-domar-los-pies-de-gato\/","og_locale":"es_ES","og_type":"article","og_title":"Monkey Feet la soluci\u00f3n para domar los pies de gato","og_description":"Monkey Feet es la soluci\u00f3n para domar los pies de gato en tiempo r\u00e9cord. Usa tallas m\u00e1s peque\u00f1as y mejora el rendimiento.","og_url":"https:\/\/monkeyfeet.net\/es\/producto\/monkey-feet-la-solucion-para-domar-los-pies-de-gato\/","og_site_name":"Monkey Feet","article_publisher":"https:\/\/www.facebook.com\/themonkeyclimber","article_modified_time":"2025-03-01T00:11:25+00:00","og_image":[{"width":1863,"height":1920,"url":"https:\/\/monkeyfeet.net\/wp-content\/uploads\/2021\/12\/BOTE-MONKEY.png","type":"image\/png"}],"twitter_card":"summary_large_image","twitter_misc":{"Tiempo de lectura":"1 minuto"},"schema":{"@context":"https:\/\/schema.org","@graph":[{"@type":"WebPage","@id":"https:\/\/monkeyfeet.net\/es\/producto\/monkey-feet-la-solucion-para-domar-los-pies-de-gato\/","url":"https:\/\/monkeyfeet.net\/es\/producto\/monkey-feet-la-solucion-para-domar-los-pies-de-gato\/","name":"Monkey Feet la soluci\u00f3n para domar los pies de gato","isPartOf":{"@id":"https:\/\/monkeyfeet.net\/#website"},"primaryImageOfPage":{"@id":"https:\/\/monkeyfeet.net\/es\/producto\/monkey-feet-la-solucion-para-domar-los-pies-de-gato\/#primaryimage"},"image":{"@id":"https:\/\/monkeyfeet.net\/es\/producto\/monkey-feet-la-solucion-para-domar-los-pies-de-gato\/#primaryimage"},"thumbnailUrl":"https:\/\/monkeyfeet.net\/wp-content\/uploads\/2021\/12\/BOTE-MONKEY.png","datePublished":"2022-11-22T10:20:24+00:00","dateModified":"2025-03-01T00:11:25+00:00","description":"Monkey Feet es la soluci\u00f3n para domar los pies de gato en tiempo r\u00e9cord. Usa tallas m\u00e1s peque\u00f1as y mejora el rendimiento.","breadcrumb":{"@id":"https:\/\/monkeyfeet.net\/es\/producto\/monkey-feet-la-solucion-para-domar-los-pies-de-gato\/#breadcrumb"},"inLanguage":"es","potentialAction":[{"@type":"ReadAction","target":["https:\/\/monkeyfeet.net\/es\/producto\/monkey-feet-la-solucion-para-domar-los-pies-de-gato\/"]}]},{"@type":"ImageObject","inLanguage":"es","@id":"https:\/\/monkeyfeet.net\/es\/producto\/monkey-feet-la-solucion-para-domar-los-pies-de-gato\/#primaryimage","url":"https:\/\/monkeyfeet.net\/wp-content\/uploads\/2021\/12\/BOTE-MONKEY.png","contentUrl":"https:\/\/monkeyfeet.net\/wp-content\/uploads\/2021\/12\/BOTE-MONKEY.png","width":1863,"height":1920,"caption":"Monkey Feet para domar pies de gato"},{"@type":"BreadcrumbList","@id":"https:\/\/monkeyfeet.net\/es\/producto\/monkey-feet-la-solucion-para-domar-los-pies-de-gato\/#breadcrumb","itemListElement":[{"@type":"ListItem","position":1,"name":"Portada","item":"https:\/\/monkeyfeet.net\/es\/"},{"@type":"ListItem","position":2,"name":"Tienda","item":"https:\/\/monkeyfeet.net\/tienda\/"},{"@type":"ListItem","position":3,"name":"Monkey Feet\u00ae 150ml"}]},{"@type":"WebSite","@id":"https:\/\/monkeyfeet.net\/#website","url":"https:\/\/monkeyfeet.net\/","name":"Monkey Feet","description":"La soluci\u00f3n definitiva para domar los pies de gato","publisher":{"@id":"https:\/\/monkeyfeet.net\/#organization"},"potentialAction":[{"@type":"SearchAction","target":{"@type":"EntryPoint","urlTemplate":"https:\/\/monkeyfeet.net\/?s={search_term_string}"},"query-input":{"@type":"PropertyValueSpecification","valueRequired":true,"valueName":"search_term_string"}}],"inLanguage":"es"},{"@type":"Organization","@id":"https:\/\/monkeyfeet.net\/#organization","name":"The Monkey Climber","url":"https:\/\/monkeyfeet.net\/","logo":{"@type":"ImageObject","inLanguage":"es","@id":"https:\/\/monkeyfeet.net\/#\/schema\/logo\/image\/","url":"https:\/\/monkeyfeet.net\/wp-content\/uploads\/2022\/01\/Recurso-3@3x.png","contentUrl":"https:\/\/monkeyfeet.net\/wp-content\/uploads\/2022\/01\/Recurso-3@3x.png","width":2035,"height":1036,"caption":"The Monkey Climber"},"image":{"@id":"https:\/\/monkeyfeet.net\/#\/schema\/logo\/image\/"},"sameAs":["https:\/\/www.facebook.com\/themonkeyclimber","https:\/\/www.instagram.com\/themonkeyclimber\/"]}]}},"_links":{"self":[{"href":"https:\/\/monkeyfeet.net\/es\/wp-json\/wp\/v2\/product\/525","targetHints":{"allow":["GET"]}}],"collection":[{"href":"https:\/\/monkeyfeet.net\/es\/wp-json\/wp\/v2\/product"}],"about":[{"href":"https:\/\/monkeyfeet.net\/es\/wp-json\/wp\/v2\/types\/product"}],"replies":[{"embeddable":true,"href":"https:\/\/monkeyfeet.net\/es\/wp-json\/wp\/v2\/comments?post=525"}],"wp:featuredmedia":[{"embeddable":true,"href":"https:\/\/monkeyfeet.net\/es\/wp-json\/wp\/v2\/media\/277"}],"wp:attachment":[{"href":"https:\/\/monkeyfeet.net\/es\/wp-json\/wp\/v2\/media?parent=525"}],"wp:term":[{"taxonomy":"product_cat","embeddable":true,"href":"https:\/\/monkeyfeet.net\/es\/wp-json\/wp\/v2\/product_cat?post=525"},{"taxonomy":"product_tag","embeddable":true,"href":"https:\/\/monkeyfeet.net\/es\/wp-json\/wp\/v2\/product_tag?post=525"}],"curies":[{"name":"wp","href":"https:\/\/api.w.org\/{rel}","templated":true}]}}