{"id":310,"date":"2021-12-24T11:09:26","date_gmt":"2021-12-24T11:09:26","guid":{"rendered":"https:\/\/monkeyfeet.net\/?page_id=310"},"modified":"2021-12-24T12:15:00","modified_gmt":"2021-12-24T12:15:00","slug":"politica-de-privacidad","status":"publish","type":"page","link":"https:\/\/monkeyfeet.net\/es\/politica-de-privacidad\/","title":{"rendered":"Pol\u00edtica de privacidad"},"content":{"rendered":"<div class='flex_column av-av_one_full-d846867a37b468541bc8830743d44203 av_one_full  avia-builder-el-0  avia-builder-el-no-sibling  first flex_column_div '   ><section class=\"av_textblock_section \"  itemscope=\"itemscope\" itemtype=\"https:\/\/schema.org\/CreativeWork\" ><div class='avia_textblock  '   itemprop=\"text\" ><h3>POL\u00cdTICA DE PROTECCI\u00d3N DE DATOS EN LA WEB<\/h3>\n<p>En esta Web, propiedad del grupo de empresas<br \/>\nThe Monkey Climber aseguramos la total protecci\u00f3n de los datos de car\u00e1cter personal proporcionados por nuestros usuarios.<\/p>\n<p>De conformidad con lo dispuesto en el Reglamento 2016\/679 del Parlamento Europeo y del Consejo de 27 de abril de 2016, de Protecci\u00f3n de Datos de Car\u00e1cter Personal y LOPD, le informamos que los datos personales facilitados a trav\u00e9s de los formularios de esta Web o mediante mensajes de correo electr\u00f3nico, podr\u00e1n ser incorporados en nuestros ficheros, en concreto los denominados \u00abClientes y\/o Proveedores\u00bb y \u201cNominas &#8211; Recursos Humanos\u201d y ser\u00e1n tratados de manera automatizada. Mediante el env\u00edo de los formularios existentes en esta Web, el remitente da su consentimiento para ser incluido en los mencionados ficheros. As\u00ed mismo, le comunicamos que desde esta Web se podr\u00e1n recoger direcciones IP de los usuarios, las cuales ser\u00e1n igualmente tratadas de acuerdo a la normativa vigente.<br \/>\nLas finalidades de estos ficheros son Gesti\u00f3n de Clientes, Contable, Fiscal y Administrativa y Gesti\u00f3n del departamento de Recursos Humanos. Todos los ficheros han sido debidamente registrados en la Agencia Espa\u00f1ola de Protecci\u00f3n de Datos. Sus datos podr\u00e1n ser cedidos, siempre protegiendo los datos adecuadamente, a:<br \/>\nOrganizaciones o Personas Directamente Relacionadas con el Responsable, Administraci\u00f3n Tributaria y Bancos, Cajas de Ahorros y Cajas Rurales. Los datos proporcionados se conservaran mientras se mantenga la relaci\u00f3n comercial o durante los a\u00f1os necesarios para cumplir con las obligaciones legales.<br \/>\nThe Monkey Climber respetar\u00e1n en todo momento la confidencialidad de sus datos, seg\u00fan conformidad con el Reglamento 2016\/679 del Parlamento Europeo y del Consejo de 27 de abril de 2016, de Protecci\u00f3n de Datos de Car\u00e1cter Personal y LOPD.<br \/>\nEn cualquier momento puede usted ejecutar sus derechos de oposici\u00f3n, acceso, rectificaci\u00f3n, cancelaci\u00f3n y oposici\u00f3n de su autorizaci\u00f3n sin efectos retroactivos en los t\u00e9rminos especificados en el Reglamento 2016\/679 del Parlamento Europeo y del Consejo de 27 de abril de 2016, de Protecci\u00f3n de Datos de Car\u00e1cter Personal y LOPD, conforme al procedimiento legalmente establecido. Estos derechos podr\u00e1n ser ejercidos dirigi\u00e9ndose por correo electr\u00f3nico a themonkeyclimber@gmail.com .<\/p>\n<p>AVISO DE PROTECCI\u00d3N DE DATOS DE LA WEB PARA FORMULARIO<\/p>\n<p>\u201cDe acuerdo con lo establecido por el Reglamento 2016\/679 del Parlamento Europeo y del Consejo de 27 de abril de 2016, de Protecci\u00f3n de Datos de Car\u00e1cter, doy mi consentimiento\/consiento para que los datos de car\u00e1cter personal proporcionados en esta web sean incluidos en el fichero \u00abClientes y\/o Proveedores\u00bb del que es titular<br \/>\nThe Monkey Climber, que puedan ser utilizados con las finalidades de Gesti\u00f3n de Clientes, Contable, Fiscal y Administrativa y podr\u00e1n ser cedidos a Organizaciones o Personas Directamente Relacionadas con el Responsable, Administraci\u00f3n Tributaria y Bancos, Cajas de Ahorros y Cajas Rurales. Los datos proporcionados se conservaran mientras se mantenga la relaci\u00f3n comercial o durante los a\u00f1os necesarios para cumplir con las obligaciones legales. Declaro as\u00ed mismo estar informado sobre los derechos de acceso, rectificaci\u00f3n, cancelaci\u00f3n y oposici\u00f3n que podr\u00e9 ejercitar en el domicilio social de<br \/>\nThe Monkey Climber en Camino Viejo de Gaucin 24, 11360, San Roque, Cadiz.\u201d<br \/>\nPara continuar, el usuario deber\u00e1 marcar una casilla indicando que ha le\u00eddo y aceptado las condiciones de protecci\u00f3n de datos de la empresa. Una vez marcada, podr\u00e1 procederse al env\u00edo de los datos a la empresa.<\/p>\n<h1><\/h1>\n<h3>AVISO LEGAL EN LA WEB<\/h3>\n<p>Objeto<\/p>\n<p>El prestador, responsable del sitio Web, pone a disposici\u00f3n de los usuarios el presente documento con el que pretende dar cumplimiento a las obligaciones dispuestas en la Ley 34\/2002, de Servicios de la Sociedad de la Informaci\u00f3n y del Comercio Electr\u00f3nico (LSSI-CE), as\u00ed como informar a todos los usuarios del sitio web respecto a cu\u00e1les son las condiciones de uso del sitio Web.<\/p>\n<p>El acceso al sitio Web implica sin reservas la aceptaci\u00f3n de las presentes condiciones generales de uso que el usuario afirma comprender en su totalidad. El usuario se compromete a no utilizar el sitio Web y los servicios que se ofrecen en el mismo para la realizaci\u00f3n de actividades contrarias a la ley y a respetar en todo momento las presentes condiciones generales. El prestador podr\u00e1 interrumpir en cualquier momento el acceso a su sitio Web si detecta un uso contrario a la legalidad, la buena fe o a las presentes condiciones generales.<br \/>\nEl prestador se reserva el derecho a modificar cualquier tipo de informaci\u00f3n que pudiera aparecer en el sitio Web, sin que exista obligaci\u00f3n de preavisar o poner en conocimiento de los usuarios dichas obligaciones, entendi\u00e9ndose como suficiente con la publicaci\u00f3n en el sitio Web del prestador.<\/p>\n<p>Sobre el prestador<\/p>\n<p>El prestador responsable del sitio Web ofrece a los usuarios del mismo sus datos identificativos a fin de mejorar la confianza del usuario y de las relaciones con \u00e9ste.<\/p>\n<p>Denominaci\u00f3n Social: The Monkey Climber<br \/>\nNombre Comercial: The Monkey Climber<br \/>\nDomicilio Social: Camino Viejo de Gaucin 24, 11360, San Roque, Cadiz<br \/>\nCIF \/ NIF: 25597531A<br \/>\nTel\u00e9fono: +34625844920<br \/>\ne-Mail: themonkeyclimber@gmail.com<br \/>\nInscrita en: &#8211;<br \/>\nNombre de dominio: themonkeyclimber.com<br \/>\nTribunales de: Algeciras<\/p>\n<p>Responsabilidad<\/p>\n<p>El prestador se exime de cualquier tipo de responsabilidad derivada de la informaci\u00f3n publicada en su sitio Web, siempre que esta informaci\u00f3n haya sido manipulada o introducida por un tercero ajeno al mismo (por ejemplo en foros, chats, blogs, comentarios, etc). No obstante y en cumplimiento de lo dispuesto en la LSSI-CE, el prestador se pone a disposici\u00f3n de todos los usuarios, autoridades y fuerzas de seguridad, para retirar o en su caso bloquear todos aquellos contenidos que pudieran afectar o contravenir la legislaci\u00f3n nacional, o internacional, derechos de terceros o la moral y el orden p\u00fablico, poniendo los hechos en conocimiento de las autoridades competentes si fuese necesario.<br \/>\nEn caso de que el usuario considere que existe en el sitio Web alg\u00fan contenido que pudiera ser susceptible de esta clasificaci\u00f3n, se ruega lo notifique de forma inmediata al administrador del sitio Web.<br \/>\nEste sitio Web ha sido revisado y probado para que funcione correctamente. En principio, puede garantizarse el correcto funcionamiento los 365 d\u00edas del a\u00f1o, 24 horas al d\u00eda. No obstante, el prestador no descarta la posibilidad de que existan ciertos errores de programaci\u00f3n, o que acontezcan causas de fuerza mayor, cat\u00e1strofes naturales, huelgas, o circunstancias semejantes que hagan imposible el acceso a la p\u00e1gina Web.<\/p>\n<p>Propiedad Intelectual e Industrial<\/p>\n<p>The Monkey Climber es una marca registrada. Queda prohibida la utilizaci\u00f3n ajena por cualquier medio de la marca de The Monkey Climber, que incluye tanto el nombre como el logotipo, salvo consentimiento expreso de<br \/>\nThe Monkey Climber Quedan reservados todos los derechos.<\/p>\n<p>El presente sitio web, incluyendo a t\u00edtulo enunciativo pero no limitativo su programaci\u00f3n, medici\u00f3n, compilaci\u00f3n, dise\u00f1os, logotipos, texto y\/o gr\u00e1ficos, son propiedad del responsable del sitio Web, encontr\u00e1ndose protegidos por la normativa nacional e internacional sobre propiedad intelectual e industrial. El acceso por parte del usuario al sitio Web no le otorga ning\u00fan derecho de propiedad sobre los mismos.<br \/>\nTodos los contenidos del sitio Web se encuentran debidamente protegidos por la normativa de propiedad intelectual e industrial, as\u00ed como inscritos en los registros p\u00fablicos correspondientes.<br \/>\nIndependientemente de la finalidad para la que fueran destinados, la reproducci\u00f3n total o parcial, uso, explotaci\u00f3n, distribuci\u00f3n y comercializaci\u00f3n, requiere en todo caso de la autorizaci\u00f3n escrita previa por parte del prestador. Cualquier uso no autorizado previamente por parte del prestador ser\u00e1 considerado un incumplimiento grave de los derechos de propiedad intelectual o industrial del autor.<br \/>\nLos dise\u00f1os, logotipos, texto y\/o gr\u00e1ficos ajenos al prestador y que pudieran aparecer en el sitio Web, pertenecen a sus respectivos propietarios, siendo ellos mismos responsables de cualquier posible controversia que pudiera suscitarse respecto a los mismos. El prestador reconoce a favor de sus titulares los correspondientes derechos de propiedad industrial e intelectual, no implicando su sola menci\u00f3n o aparici\u00f3n en el sitio Web la existencia de derechos o responsabilidad alguna del prestador sobre los mismos, como tampoco respaldo, patrocinio o recomendaci\u00f3n por parte del mismo.<\/p>\n<p>Para realizar cualquier tipo de observaci\u00f3n respecto a posibles incumplimientos de los derechos de propiedad intelectual o industrial, as\u00ed como sobre cualquiera de los contenidos del sitio Web, puede hacerlo a trav\u00e9s del siguiente correo electr\u00f3nico themonkeyclimber@gmail.com<\/p>\n<p>Uso de cookies<\/p>\n<p>El sitio Web del prestador puede utilizar cookies (peque\u00f1os archivos de informaci\u00f3n que el servidor env\u00eda al ordenador de quien accede a la p\u00e1gina con la finalidad de registrar las actividades del usuario durante su tiempo de navegaci\u00f3n) para llevar a cabo determinadas funciones que son consideradas imprescindibles para el correcto funcionamiento y visualizaci\u00f3n del sitio. Las cookies utilizadas en el sitio Web tienen, en todo caso, car\u00e1cter temporal con la \u00fanica finalidad de hacer m\u00e1s eficaz su transmisi\u00f3n ulterior y desaparecen al terminar la sesi\u00f3n del usuario. En ning\u00fan caso se utilizar\u00e1n las cookies para recoger informaci\u00f3n de car\u00e1cter personal.<br \/>\nEl usuario tiene la posibilidad de configurar su navegador para ser avisado de la recepci\u00f3n de cookies y para impedir su instalaci\u00f3n en su equipo. Por favor, consulte las instrucciones y manuales de su navegador para ampliar esta informaci\u00f3n.<br \/>\nMediante el uso de las cookies resulta posible que el servidor donde se encuentra la Web, reconozca el navegador Web utilizado por el usuario con la finalidad de que la navegaci\u00f3n sea m\u00e1s sencilla, permitiendo, por ejemplo, el acceso a los usuarios que se hayan registrado previamente, acceder a las \u00e1reas, servicios, promociones o concursos reservados exclusivamente a ellos sin tener que registrarse en cada visita. Se utilizan tambi\u00e9n para medir la audiencia y par\u00e1metros del tr\u00e1fico, controlar el progreso y n\u00famero de entradas.<\/p>\n<p>Ley aplicable y Jurisdicci\u00f3n<\/p>\n<p>Para la resoluci\u00f3n de todas las controversias o cuestiones relacionadas con el presente sitio Web o de las actividades en \u00e9l desarrolladas, ser\u00e1 de aplicaci\u00f3n la legislaci\u00f3n espa\u00f1ola, a la que se someten expresamente las partes, siendo competentes para la resoluci\u00f3n de todos los conflictos derivados o relacionados con su uso los Juzgados y Algeciras.<br \/>\nEn caso de que cualquier cl\u00e1usula del presente documento sea declarada nula, las dem\u00e1s cl\u00e1usulas seguir\u00e1n vigentes y se interpretar\u00e1n teniendo en cuenta la voluntad de las partes y la finalidad misma de las presentes condiciones.<br \/>\nThe Monkey Climber podr\u00e1n no ejercitar alguno de los derechos y facultades conferidos en este documento lo que no implicar\u00e1 en ning\u00fan caso la renuncia a los mismos salvo reconocimiento expreso por parte de<br \/>\nThe Monkey Climber<\/p>\n<\/div><\/section><\/div>\n","protected":false},"excerpt":{"rendered":"","protected":false},"author":2,"featured_media":0,"parent":0,"menu_order":0,"comment_status":"closed","ping_status":"closed","template":"","meta":{"footnotes":""},"class_list":["post-310","page","type-page","status-publish","hentry"],"yoast_head":"<!-- This site is optimized with the Yoast SEO plugin v23.6 - https:\/\/yoast.com\/wordpress\/plugins\/seo\/ -->\n<title>Pol\u00edtica de privacidad - Monkey Feet<\/title>\n<meta name=\"robots\" content=\"index, follow, max-snippet:-1, max-image-preview:large, max-video-preview:-1\" \/>\n<link rel=\"canonical\" href=\"https:\/\/monkeyfeet.net\/politica-de-privacidad\/\" \/>\n<meta property=\"og:locale\" content=\"es_ES\" \/>\n<meta property=\"og:type\" content=\"article\" \/>\n<meta property=\"og:title\" content=\"Pol\u00edtica de privacidad - Monkey Feet\" \/>\n<meta property=\"og:url\" content=\"https:\/\/monkeyfeet.net\/politica-de-privacidad\/\" \/>\n<meta property=\"og:site_name\" content=\"Monkey Feet\" \/>\n<meta property=\"article:publisher\" content=\"https:\/\/www.facebook.com\/themonkeyclimber\" \/>\n<meta property=\"article:modified_time\" content=\"2021-12-24T12:15:00+00:00\" \/>\n<meta name=\"twitter:card\" content=\"summary_large_image\" \/>\n<meta name=\"twitter:label1\" content=\"Tiempo de lectura\" \/>\n\t<meta name=\"twitter:data1\" content=\"11 minutos\" \/>\n<script type=\"application\/ld+json\" class=\"yoast-schema-graph\">{\"@context\":\"https:\/\/schema.org\",\"@graph\":[{\"@type\":\"WebPage\",\"@id\":\"https:\/\/monkeyfeet.net\/politica-de-privacidad\/\",\"url\":\"https:\/\/monkeyfeet.net\/politica-de-privacidad\/\",\"name\":\"Pol\u00edtica de privacidad - Monkey Feet\",\"isPartOf\":{\"@id\":\"https:\/\/monkeyfeet.net\/#website\"},\"datePublished\":\"2021-12-24T11:09:26+00:00\",\"dateModified\":\"2021-12-24T12:15:00+00:00\",\"breadcrumb\":{\"@id\":\"https:\/\/monkeyfeet.net\/politica-de-privacidad\/#breadcrumb\"},\"inLanguage\":\"es\",\"potentialAction\":[{\"@type\":\"ReadAction\",\"target\":[\"https:\/\/monkeyfeet.net\/politica-de-privacidad\/\"]}]},{\"@type\":\"BreadcrumbList\",\"@id\":\"https:\/\/monkeyfeet.net\/politica-de-privacidad\/#breadcrumb\",\"itemListElement\":[{\"@type\":\"ListItem\",\"position\":1,\"name\":\"Portada\",\"item\":\"https:\/\/monkeyfeet.net\/es\/\"},{\"@type\":\"ListItem\",\"position\":2,\"name\":\"Pol\u00edtica de privacidad\"}]},{\"@type\":\"WebSite\",\"@id\":\"https:\/\/monkeyfeet.net\/#website\",\"url\":\"https:\/\/monkeyfeet.net\/\",\"name\":\"Monkey Feet\",\"description\":\"La soluci\u00f3n definitiva para domar los pies de gato\",\"publisher\":{\"@id\":\"https:\/\/monkeyfeet.net\/#organization\"},\"potentialAction\":[{\"@type\":\"SearchAction\",\"target\":{\"@type\":\"EntryPoint\",\"urlTemplate\":\"https:\/\/monkeyfeet.net\/?s={search_term_string}\"},\"query-input\":{\"@type\":\"PropertyValueSpecification\",\"valueRequired\":true,\"valueName\":\"search_term_string\"}}],\"inLanguage\":\"es\"},{\"@type\":\"Organization\",\"@id\":\"https:\/\/monkeyfeet.net\/#organization\",\"name\":\"The Monkey Climber\",\"url\":\"https:\/\/monkeyfeet.net\/\",\"logo\":{\"@type\":\"ImageObject\",\"inLanguage\":\"es\",\"@id\":\"https:\/\/monkeyfeet.net\/#\/schema\/logo\/image\/\",\"url\":\"https:\/\/monkeyfeet.net\/wp-content\/uploads\/2022\/01\/Recurso-3@3x.png\",\"contentUrl\":\"https:\/\/monkeyfeet.net\/wp-content\/uploads\/2022\/01\/Recurso-3@3x.png\",\"width\":2035,\"height\":1036,\"caption\":\"The Monkey Climber\"},\"image\":{\"@id\":\"https:\/\/monkeyfeet.net\/#\/schema\/logo\/image\/\"},\"sameAs\":[\"https:\/\/www.facebook.com\/themonkeyclimber\",\"https:\/\/www.instagram.com\/themonkeyclimber\/\"]}]}<\/script>\n<!-- \/ Yoast SEO plugin. -->","yoast_head_json":{"title":"Pol\u00edtica de privacidad - Monkey Feet","robots":{"index":"index","follow":"follow","max-snippet":"max-snippet:-1","max-image-preview":"max-image-preview:large","max-video-preview":"max-video-preview:-1"},"canonical":"https:\/\/monkeyfeet.net\/politica-de-privacidad\/","og_locale":"es_ES","og_type":"article","og_title":"Pol\u00edtica de privacidad - Monkey Feet","og_url":"https:\/\/monkeyfeet.net\/politica-de-privacidad\/","og_site_name":"Monkey Feet","article_publisher":"https:\/\/www.facebook.com\/themonkeyclimber","article_modified_time":"2021-12-24T12:15:00+00:00","twitter_card":"summary_large_image","twitter_misc":{"Tiempo de lectura":"11 minutos"},"schema":{"@context":"https:\/\/schema.org","@graph":[{"@type":"WebPage","@id":"https:\/\/monkeyfeet.net\/politica-de-privacidad\/","url":"https:\/\/monkeyfeet.net\/politica-de-privacidad\/","name":"Pol\u00edtica de privacidad - Monkey Feet","isPartOf":{"@id":"https:\/\/monkeyfeet.net\/#website"},"datePublished":"2021-12-24T11:09:26+00:00","dateModified":"2021-12-24T12:15:00+00:00","breadcrumb":{"@id":"https:\/\/monkeyfeet.net\/politica-de-privacidad\/#breadcrumb"},"inLanguage":"es","potentialAction":[{"@type":"ReadAction","target":["https:\/\/monkeyfeet.net\/politica-de-privacidad\/"]}]},{"@type":"BreadcrumbList","@id":"https:\/\/monkeyfeet.net\/politica-de-privacidad\/#breadcrumb","itemListElement":[{"@type":"ListItem","position":1,"name":"Portada","item":"https:\/\/monkeyfeet.net\/es\/"},{"@type":"ListItem","position":2,"name":"Pol\u00edtica de privacidad"}]},{"@type":"WebSite","@id":"https:\/\/monkeyfeet.net\/#website","url":"https:\/\/monkeyfeet.net\/","name":"Monkey Feet","description":"La soluci\u00f3n definitiva para domar los pies de gato","publisher":{"@id":"https:\/\/monkeyfeet.net\/#organization"},"potentialAction":[{"@type":"SearchAction","target":{"@type":"EntryPoint","urlTemplate":"https:\/\/monkeyfeet.net\/?s={search_term_string}"},"query-input":{"@type":"PropertyValueSpecification","valueRequired":true,"valueName":"search_term_string"}}],"inLanguage":"es"},{"@type":"Organization","@id":"https:\/\/monkeyfeet.net\/#organization","name":"The Monkey Climber","url":"https:\/\/monkeyfeet.net\/","logo":{"@type":"ImageObject","inLanguage":"es","@id":"https:\/\/monkeyfeet.net\/#\/schema\/logo\/image\/","url":"https:\/\/monkeyfeet.net\/wp-content\/uploads\/2022\/01\/Recurso-3@3x.png","contentUrl":"https:\/\/monkeyfeet.net\/wp-content\/uploads\/2022\/01\/Recurso-3@3x.png","width":2035,"height":1036,"caption":"The Monkey Climber"},"image":{"@id":"https:\/\/monkeyfeet.net\/#\/schema\/logo\/image\/"},"sameAs":["https:\/\/www.facebook.com\/themonkeyclimber","https:\/\/www.instagram.com\/themonkeyclimber\/"]}]}},"_links":{"self":[{"href":"https:\/\/monkeyfeet.net\/es\/wp-json\/wp\/v2\/pages\/310","targetHints":{"allow":["GET"]}}],"collection":[{"href":"https:\/\/monkeyfeet.net\/es\/wp-json\/wp\/v2\/pages"}],"about":[{"href":"https:\/\/monkeyfeet.net\/es\/wp-json\/wp\/v2\/types\/page"}],"author":[{"embeddable":true,"href":"https:\/\/monkeyfeet.net\/es\/wp-json\/wp\/v2\/users\/2"}],"replies":[{"embeddable":true,"href":"https:\/\/monkeyfeet.net\/es\/wp-json\/wp\/v2\/comments?post=310"}],"version-history":[{"count":2,"href":"https:\/\/monkeyfeet.net\/es\/wp-json\/wp\/v2\/pages\/310\/revisions"}],"predecessor-version":[{"id":338,"href":"https:\/\/monkeyfeet.net\/es\/wp-json\/wp\/v2\/pages\/310\/revisions\/338"}],"wp:attachment":[{"href":"https:\/\/monkeyfeet.net\/es\/wp-json\/wp\/v2\/media?parent=310"}],"curies":[{"name":"wp","href":"https:\/\/api.w.org\/{rel}","templated":true}]}}