{"id":15,"date":"2021-12-22T16:20:36","date_gmt":"2021-12-22T16:20:36","guid":{"rendered":"https:\/\/monkeyfeet.net\/?page_id=15"},"modified":"2022-09-09T09:12:41","modified_gmt":"2022-09-09T09:12:41","slug":"spray-pies-gato","status":"publish","type":"page","link":"https:\/\/monkeyfeet.net\/es\/spray-pies-gato\/","title":{"rendered":"Monkey Feet"},"content":{"rendered":"<div id='av_section_1'  class='avia-section av-rnzz-0414b80f7db1ac3efac7271e97455183 main_color avia-section-default avia-no-border-styling  avia-builder-el-0  avia-builder-el-no-sibling  avia-bg-style-scroll  container_wrap fullsize'  ><div class='container av-section-cont-open' ><main  role=\"main\" itemprop=\"mainContentOfPage\"  class='template-page content  av-content-full alpha units'><div class='post-entry post-entry-type-page post-entry-15'><div class='entry-content-wrapper clearfix'>\n<div class='flex_column_table av-nskj-10399c3fd2b47541ea7dd9a7f5ae20fb sc-av_one_half av-equal-height-column-flextable'><div class='flex_column av-nskj-10399c3fd2b47541ea7dd9a7f5ae20fb av_one_half  avia-builder-el-1  el_before_av_one_half  avia-builder-el-first  first flex_column_table_cell av-equal-height-column av-align-middle '   ><p><section class=\"av_textblock_section \"  itemscope=\"itemscope\" itemtype=\"https:\/\/schema.org\/CreativeWork\" ><div class='avia_textblock  '   itemprop=\"text\" ><p><img loading=\"lazy\" decoding=\"async\" class=\"alignleft size-full wp-image-288\" src=\"https:\/\/monkeyfeet.net\/wp-content\/uploads\/2021\/12\/MONKEY-FEET-1.png\" alt=\"\" width=\"476\" height=\"184\" \/><\/p>\n<\/div><\/section><br \/>\n\n<style type=\"text\/css\" data-created_by=\"avia_inline_auto\" id=\"style-css-av-kxk9evin-ac6f9b4952da374dc89d9b0fe8bc83a5\">\n#top .hr.hr-invisible.av-kxk9evin-ac6f9b4952da374dc89d9b0fe8bc83a5{\nheight:25px;\n}\n<\/style>\n<div  class='hr av-kxk9evin-ac6f9b4952da374dc89d9b0fe8bc83a5 hr-invisible  avia-builder-el-3  el_after_av_textblock  avia-builder-el-last  '><span class='hr-inner '><span class=\"hr-inner-style\"><\/span><\/span><\/div><\/p><\/div><div class='av-flex-placeholder'><\/div><div class='flex_column av-heef-dbd419a77d40dd816366921f2115238c av_one_half  avia-builder-el-4  el_after_av_one_half  el_before_av_hr  flex_column_table_cell av-equal-height-column av-align-middle '   ><style type=\"text\/css\" data-created_by=\"avia_inline_auto\" id=\"style-css-av-4dunf-b14accbeafc1e1c99b1e79ebb0fd186b\">\n.avia-image-container.av-4dunf-b14accbeafc1e1c99b1e79ebb0fd186b .av-image-caption-overlay-center{\ncolor:#ffffff;\n}\n<\/style>\n<div  class='avia-image-container av-4dunf-b14accbeafc1e1c99b1e79ebb0fd186b av-styling- avia-align-center  avia-builder-el-5  avia-builder-el-no-sibling  '  itemprop=\"image\" itemscope=\"itemscope\" itemtype=\"https:\/\/schema.org\/ImageObject\" ><div class=\"avia-image-container-inner\"><div class=\"avia-image-overlay-wrap\"><img decoding=\"async\" class='wp-image-295 avia-img-lazy-loading-not-295 avia_image' src=\"https:\/\/monkeyfeet.net\/wp-content\/uploads\/2021\/12\/giphy.gif\" alt='' title='giphy'  height=\"272\" width=\"480\"  itemprop=\"thumbnailUrl\"  \/><\/div><\/div><\/div><\/div><\/div><!--close column table wrapper. Autoclose: 1 -->\n<style type=\"text\/css\" data-created_by=\"avia_inline_auto\" id=\"style-css-av-40a83-3de585e3a0c97f540f11bdc80ebd14c7\">\n#top .hr.hr-invisible.av-40a83-3de585e3a0c97f540f11bdc80ebd14c7{\nheight:60px;\n}\n<\/style>\n<div  class='hr av-40a83-3de585e3a0c97f540f11bdc80ebd14c7 hr-invisible  avia-builder-el-6  el_after_av_one_half  el_before_av_one_full  '><span class='hr-inner '><span class=\"hr-inner-style\"><\/span><\/span><\/div>\n<div class='flex_column av-kxhsclux-fe7a5d3ee307aaec68a5501a752cf5d7 av_one_full  avia-builder-el-7  el_after_av_hr  el_before_av_one_half  first flex_column_div '   ><section class=\"av_textblock_section \"  itemscope=\"itemscope\" itemtype=\"https:\/\/schema.org\/CreativeWork\" ><div class='avia_textblock  '   itemprop=\"text\" ><h1 style=\"line-height: 130%; font-weight: bold; text-align: center;\"><a href=\"https:\/\/monkeyfeet.net\">Monkey Feet<\/a><\/h1>\n<p style=\"font-size: 25px; line-height: 130%; font-weight: bold; text-align: center;\"><a href=\"https:\/\/monkeyfeet.net\">Monkey Feet<\/a> es una loci\u00f3n en spray especialmente desarrollada para escaladores y bloqueros que facilita el calzado de los pies de gato y el uso de tallas inferiores a la habitual\u00a0 para mejorar el rendimiento.<\/p>\n<\/div><\/section><\/div><div class='flex_column av-2j4hn-ff6882648f165d79992e6e2902ff36d0 av_one_half  avia-builder-el-9  el_after_av_one_full  el_before_av_one_half  first flex_column_div column-top-margin'   ><style type=\"text\/css\" data-created_by=\"avia_inline_auto\" id=\"style-css-av-kxht288u-41a30434f07e7141584d74953f03def3\">\n.avia-image-container.av-kxht288u-41a30434f07e7141584d74953f03def3 .av-image-caption-overlay-center{\ncolor:#ffffff;\n}\n<\/style>\n<div  class='avia-image-container av-kxht288u-41a30434f07e7141584d74953f03def3 av-styling- avia-align-center  avia-builder-el-10  avia-builder-el-no-sibling  '  itemprop=\"image\" itemscope=\"itemscope\" itemtype=\"https:\/\/schema.org\/ImageObject\" ><div class=\"avia-image-container-inner\"><div class=\"avia-image-overlay-wrap\"><img decoding=\"async\" class='wp-image-213 avia-img-lazy-loading-not-213 avia_image' src=\"https:\/\/monkeyfeet.net\/wp-content\/uploads\/2021\/12\/TMC_MonkeyFeet_05.jpg\" alt='' title='Monkey Feet'  height=\"799\" width=\"1000\"  itemprop=\"thumbnailUrl\" srcset=\"https:\/\/monkeyfeet.net\/wp-content\/uploads\/2021\/12\/TMC_MonkeyFeet_05.jpg 1000w, https:\/\/monkeyfeet.net\/wp-content\/uploads\/2021\/12\/TMC_MonkeyFeet_05-600x479.jpg 600w, https:\/\/monkeyfeet.net\/wp-content\/uploads\/2021\/12\/TMC_MonkeyFeet_05-300x240.jpg 300w, https:\/\/monkeyfeet.net\/wp-content\/uploads\/2021\/12\/TMC_MonkeyFeet_05-768x614.jpg 768w, https:\/\/monkeyfeet.net\/wp-content\/uploads\/2021\/12\/TMC_MonkeyFeet_05-705x563.jpg 705w\" sizes=\"(max-width: 1000px) 100vw, 1000px\" \/><\/div><\/div><\/div><\/div><div class='flex_column av-3cbnb-728c4b3cb53f1d2dfa13fbfbda2a23c3 av_one_half  avia-builder-el-11  el_after_av_one_half  el_before_av_hr  flex_column_div column-top-margin'   ><section class=\"av_textblock_section \"  itemscope=\"itemscope\" itemtype=\"https:\/\/schema.org\/CreativeWork\" ><div class='avia_textblock  '   itemprop=\"text\" ><h3>C\u00f3mo se usa <a href=\"https:\/\/monkeyfeet.net\">Monkey Feet<\/a><\/h3>\n<p>Agita y pulveriza el envase de Monkey Feet de 3 a 5 veces en puntera y tal\u00f3n del interior del pie de gato y c\u00e1lzatelo inmediatamente despu\u00e9s.<\/p>\n<p>Puedes repetir esta operaci\u00f3n tanto como quieras, generalmente m\u00e1s en los gatos nuevos y menos en su uso continuado.<\/p>\n<p>Monkey Feet no deja residuos y tiene propiedades desodorantes.<\/p>\n<\/div><\/section><\/div>\n<style type=\"text\/css\" data-created_by=\"avia_inline_auto\" id=\"style-css-av-26c2n-60bb4cc16b53e6b9d7e103b7178d391d\">\n#top .hr.hr-invisible.av-26c2n-60bb4cc16b53e6b9d7e103b7178d391d{\nheight:100px;\n}\n<\/style>\n<div  class='hr av-26c2n-60bb4cc16b53e6b9d7e103b7178d391d hr-invisible  avia-builder-el-13  el_after_av_one_half  el_before_av_one_full  '><span class='hr-inner '><span class=\"hr-inner-style\"><\/span><\/span><\/div>\n<div class='flex_column_table av-1hjej-811f6f5b9611a0fb9aa6bd2cf85ae4ad sc-av_one_full av-equal-height-column-flextable'><div class='flex_column av-1hjej-811f6f5b9611a0fb9aa6bd2cf85ae4ad av_one_full  avia-builder-el-14  el_after_av_hr  avia-builder-el-last  first flex_column_table_cell av-equal-height-column av-align-middle '   ><div  class='avia-button-wrap avia-button-center  avia-builder-el-15  avia-builder-el-no-sibling ' >\n<style type=\"text\/css\" data-created_by=\"avia_inline_auto\" id=\"style-css-av-kxkb5zid-cd5adc623fb62dfb9947fdd324116403\">\n#top #wrap_all .avia-button.av-kxkb5zid-cd5adc623fb62dfb9947fdd324116403{\nbackground-color:#146f60;\nborder-color:#146f60;\ncolor:#fdc316;\nborder-radius:50px 50px 50px 50px;\n-webkit-border-radius:50px 50px 50px 50px;\n-moz-border-radius:50px 50px 50px 50px;\ntransition:all 0.4s ease-in-out;\n-webkit-transition:all 0.4s ease-in-out;\n-moz-transition:all 0.4s ease-in-out;\n-ms-transition:all 0.4s ease-in-out;\n-o-transition:all 0.4s ease-in-out;\n}\n#top #wrap_all .avia-button.av-kxkb5zid-cd5adc623fb62dfb9947fdd324116403:hover{\nbackground-color:#146f60;\ncolor:#146f60;\ntransition:all 0.4s ease-in-out;\n-webkit-transition:all 0.4s ease-in-out;\n-moz-transition:all 0.4s ease-in-out;\n-ms-transition:all 0.4s ease-in-out;\n-o-transition:all 0.4s ease-in-out;\n}\n#top #wrap_all .avia-button.av-kxkb5zid-cd5adc623fb62dfb9947fdd324116403:hover .avia_button_background{\nborder-radius:50px 50px 50px 50px;\n-webkit-border-radius:50px 50px 50px 50px;\n-moz-border-radius:50px 50px 50px 50px;\n}\n<\/style>\n<a href='https:\/\/monkeyfeet.net\/es\/donde-comprar-monkey-feet\/' class='avia-button avia-button-fullwidth av-kxkb5zid-cd5adc623fb62dfb9947fdd324116403 avia-icon_select-no avia-color-custom ' ><span class='avia_iconbox_title' ><strong><span style=\"color: #fdc316;\">D\u00d3NDE COMPRAR MONKEY FEET<\/span><\/strong><\/span><\/a><\/div><\/div><\/div><!--close column table wrapper. Autoclose: 1 -->\n","protected":false},"excerpt":{"rendered":"","protected":false},"author":2,"featured_media":0,"parent":0,"menu_order":0,"comment_status":"closed","ping_status":"closed","template":"","meta":{"footnotes":""},"class_list":["post-15","page","type-page","status-publish","hentry"],"yoast_head":"<!-- This site is optimized with the Yoast SEO plugin v23.6 - https:\/\/yoast.com\/wordpress\/plugins\/seo\/ -->\n<title>Monkey Feet | La soluci\u00f3n definitiva para domar los pies de gato<\/title>\n<meta name=\"description\" content=\"Monkey Feet es una loci\u00f3n en spray especialmente desarrollada para escaladores y bloqueros que facilita el calzado de los pies de gato\" \/>\n<meta name=\"robots\" content=\"index, follow, max-snippet:-1, max-image-preview:large, max-video-preview:-1\" \/>\n<link rel=\"canonical\" href=\"https:\/\/monkeyfeet.net\/spray-pies-gato\/\" \/>\n<meta property=\"og:locale\" content=\"es_ES\" \/>\n<meta property=\"og:type\" content=\"article\" \/>\n<meta property=\"og:title\" content=\"Monkey Feet | La soluci\u00f3n definitiva para domar los pies de gato\" \/>\n<meta property=\"og:description\" content=\"Monkey Feet es una loci\u00f3n en spray especialmente desarrollada para escaladores y bloqueros que facilita el calzado de los pies de gato\" \/>\n<meta property=\"og:url\" content=\"https:\/\/monkeyfeet.net\/spray-pies-gato\/\" \/>\n<meta property=\"og:site_name\" content=\"Monkey Feet\" \/>\n<meta property=\"article:publisher\" content=\"https:\/\/www.facebook.com\/themonkeyclimber\" \/>\n<meta property=\"article:modified_time\" content=\"2022-09-09T09:12:41+00:00\" \/>\n<meta property=\"og:image\" content=\"https:\/\/monkeyfeet.net\/wp-content\/uploads\/2021\/12\/TMC_MonkeyFeet_05.jpg\" \/>\n\t<meta property=\"og:image:width\" content=\"1000\" \/>\n\t<meta property=\"og:image:height\" content=\"799\" \/>\n\t<meta property=\"og:image:type\" content=\"image\/jpeg\" \/>\n<meta name=\"twitter:card\" content=\"summary_large_image\" \/>\n<meta name=\"twitter:image\" content=\"https:\/\/monkeyfeet.net\/wp-content\/uploads\/2021\/12\/TMC_MonkeyFeet_05.jpg\" \/>\n<meta name=\"twitter:label1\" content=\"Tiempo de lectura\" \/>\n\t<meta name=\"twitter:data1\" content=\"4 minutos\" \/>\n<script type=\"application\/ld+json\" class=\"yoast-schema-graph\">{\"@context\":\"https:\/\/schema.org\",\"@graph\":[{\"@type\":\"WebPage\",\"@id\":\"https:\/\/monkeyfeet.net\/spray-pies-gato\/\",\"url\":\"https:\/\/monkeyfeet.net\/spray-pies-gato\/\",\"name\":\"Monkey Feet | La soluci\u00f3n definitiva para domar los pies de gato\",\"isPartOf\":{\"@id\":\"https:\/\/monkeyfeet.net\/#website\"},\"primaryImageOfPage\":{\"@id\":\"https:\/\/monkeyfeet.net\/spray-pies-gato\/#primaryimage\"},\"image\":{\"@id\":\"https:\/\/monkeyfeet.net\/spray-pies-gato\/#primaryimage\"},\"thumbnailUrl\":\"https:\/\/monkeyfeet.net\/wp-content\/uploads\/2021\/12\/MONKEY-FEET-1.png\",\"datePublished\":\"2021-12-22T16:20:36+00:00\",\"dateModified\":\"2022-09-09T09:12:41+00:00\",\"description\":\"Monkey Feet es una loci\u00f3n en spray especialmente desarrollada para escaladores y bloqueros que facilita el calzado de los pies de gato\",\"breadcrumb\":{\"@id\":\"https:\/\/monkeyfeet.net\/spray-pies-gato\/#breadcrumb\"},\"inLanguage\":\"es\",\"potentialAction\":[{\"@type\":\"ReadAction\",\"target\":[\"https:\/\/monkeyfeet.net\/spray-pies-gato\/\"]}]},{\"@type\":\"ImageObject\",\"inLanguage\":\"es\",\"@id\":\"https:\/\/monkeyfeet.net\/spray-pies-gato\/#primaryimage\",\"url\":\"https:\/\/monkeyfeet.net\/wp-content\/uploads\/2021\/12\/MONKEY-FEET-1.png\",\"contentUrl\":\"https:\/\/monkeyfeet.net\/wp-content\/uploads\/2021\/12\/MONKEY-FEET-1.png\"},{\"@type\":\"BreadcrumbList\",\"@id\":\"https:\/\/monkeyfeet.net\/spray-pies-gato\/#breadcrumb\",\"itemListElement\":[{\"@type\":\"ListItem\",\"position\":1,\"name\":\"Portada\",\"item\":\"https:\/\/monkeyfeet.net\/es\/\"},{\"@type\":\"ListItem\",\"position\":2,\"name\":\"Monkey Feet\"}]},{\"@type\":\"WebSite\",\"@id\":\"https:\/\/monkeyfeet.net\/#website\",\"url\":\"https:\/\/monkeyfeet.net\/\",\"name\":\"Monkey Feet\",\"description\":\"La soluci\u00f3n definitiva para domar los pies de gato\",\"publisher\":{\"@id\":\"https:\/\/monkeyfeet.net\/#organization\"},\"potentialAction\":[{\"@type\":\"SearchAction\",\"target\":{\"@type\":\"EntryPoint\",\"urlTemplate\":\"https:\/\/monkeyfeet.net\/?s={search_term_string}\"},\"query-input\":{\"@type\":\"PropertyValueSpecification\",\"valueRequired\":true,\"valueName\":\"search_term_string\"}}],\"inLanguage\":\"es\"},{\"@type\":\"Organization\",\"@id\":\"https:\/\/monkeyfeet.net\/#organization\",\"name\":\"The Monkey Climber\",\"url\":\"https:\/\/monkeyfeet.net\/\",\"logo\":{\"@type\":\"ImageObject\",\"inLanguage\":\"es\",\"@id\":\"https:\/\/monkeyfeet.net\/#\/schema\/logo\/image\/\",\"url\":\"https:\/\/monkeyfeet.net\/wp-content\/uploads\/2022\/01\/Recurso-3@3x.png\",\"contentUrl\":\"https:\/\/monkeyfeet.net\/wp-content\/uploads\/2022\/01\/Recurso-3@3x.png\",\"width\":2035,\"height\":1036,\"caption\":\"The Monkey Climber\"},\"image\":{\"@id\":\"https:\/\/monkeyfeet.net\/#\/schema\/logo\/image\/\"},\"sameAs\":[\"https:\/\/www.facebook.com\/themonkeyclimber\",\"https:\/\/www.instagram.com\/themonkeyclimber\/\"]}]}<\/script>\n<!-- \/ Yoast SEO plugin. -->","yoast_head_json":{"title":"Monkey Feet | La soluci\u00f3n definitiva para domar los pies de gato","description":"Monkey Feet es una loci\u00f3n en spray especialmente desarrollada para escaladores y bloqueros que facilita el calzado de los pies de gato","robots":{"index":"index","follow":"follow","max-snippet":"max-snippet:-1","max-image-preview":"max-image-preview:large","max-video-preview":"max-video-preview:-1"},"canonical":"https:\/\/monkeyfeet.net\/spray-pies-gato\/","og_locale":"es_ES","og_type":"article","og_title":"Monkey Feet | La soluci\u00f3n definitiva para domar los pies de gato","og_description":"Monkey Feet es una loci\u00f3n en spray especialmente desarrollada para escaladores y bloqueros que facilita el calzado de los pies de gato","og_url":"https:\/\/monkeyfeet.net\/spray-pies-gato\/","og_site_name":"Monkey Feet","article_publisher":"https:\/\/www.facebook.com\/themonkeyclimber","article_modified_time":"2022-09-09T09:12:41+00:00","og_image":[{"width":1000,"height":799,"url":"https:\/\/monkeyfeet.net\/wp-content\/uploads\/2021\/12\/TMC_MonkeyFeet_05.jpg","type":"image\/jpeg"}],"twitter_card":"summary_large_image","twitter_image":"https:\/\/monkeyfeet.net\/wp-content\/uploads\/2021\/12\/TMC_MonkeyFeet_05.jpg","twitter_misc":{"Tiempo de lectura":"4 minutos"},"schema":{"@context":"https:\/\/schema.org","@graph":[{"@type":"WebPage","@id":"https:\/\/monkeyfeet.net\/spray-pies-gato\/","url":"https:\/\/monkeyfeet.net\/spray-pies-gato\/","name":"Monkey Feet | La soluci\u00f3n definitiva para domar los pies de gato","isPartOf":{"@id":"https:\/\/monkeyfeet.net\/#website"},"primaryImageOfPage":{"@id":"https:\/\/monkeyfeet.net\/spray-pies-gato\/#primaryimage"},"image":{"@id":"https:\/\/monkeyfeet.net\/spray-pies-gato\/#primaryimage"},"thumbnailUrl":"https:\/\/monkeyfeet.net\/wp-content\/uploads\/2021\/12\/MONKEY-FEET-1.png","datePublished":"2021-12-22T16:20:36+00:00","dateModified":"2022-09-09T09:12:41+00:00","description":"Monkey Feet es una loci\u00f3n en spray especialmente desarrollada para escaladores y bloqueros que facilita el calzado de los pies de gato","breadcrumb":{"@id":"https:\/\/monkeyfeet.net\/spray-pies-gato\/#breadcrumb"},"inLanguage":"es","potentialAction":[{"@type":"ReadAction","target":["https:\/\/monkeyfeet.net\/spray-pies-gato\/"]}]},{"@type":"ImageObject","inLanguage":"es","@id":"https:\/\/monkeyfeet.net\/spray-pies-gato\/#primaryimage","url":"https:\/\/monkeyfeet.net\/wp-content\/uploads\/2021\/12\/MONKEY-FEET-1.png","contentUrl":"https:\/\/monkeyfeet.net\/wp-content\/uploads\/2021\/12\/MONKEY-FEET-1.png"},{"@type":"BreadcrumbList","@id":"https:\/\/monkeyfeet.net\/spray-pies-gato\/#breadcrumb","itemListElement":[{"@type":"ListItem","position":1,"name":"Portada","item":"https:\/\/monkeyfeet.net\/es\/"},{"@type":"ListItem","position":2,"name":"Monkey Feet"}]},{"@type":"WebSite","@id":"https:\/\/monkeyfeet.net\/#website","url":"https:\/\/monkeyfeet.net\/","name":"Monkey Feet","description":"La soluci\u00f3n definitiva para domar los pies de gato","publisher":{"@id":"https:\/\/monkeyfeet.net\/#organization"},"potentialAction":[{"@type":"SearchAction","target":{"@type":"EntryPoint","urlTemplate":"https:\/\/monkeyfeet.net\/?s={search_term_string}"},"query-input":{"@type":"PropertyValueSpecification","valueRequired":true,"valueName":"search_term_string"}}],"inLanguage":"es"},{"@type":"Organization","@id":"https:\/\/monkeyfeet.net\/#organization","name":"The Monkey Climber","url":"https:\/\/monkeyfeet.net\/","logo":{"@type":"ImageObject","inLanguage":"es","@id":"https:\/\/monkeyfeet.net\/#\/schema\/logo\/image\/","url":"https:\/\/monkeyfeet.net\/wp-content\/uploads\/2022\/01\/Recurso-3@3x.png","contentUrl":"https:\/\/monkeyfeet.net\/wp-content\/uploads\/2022\/01\/Recurso-3@3x.png","width":2035,"height":1036,"caption":"The Monkey Climber"},"image":{"@id":"https:\/\/monkeyfeet.net\/#\/schema\/logo\/image\/"},"sameAs":["https:\/\/www.facebook.com\/themonkeyclimber","https:\/\/www.instagram.com\/themonkeyclimber\/"]}]}},"_links":{"self":[{"href":"https:\/\/monkeyfeet.net\/es\/wp-json\/wp\/v2\/pages\/15","targetHints":{"allow":["GET"]}}],"collection":[{"href":"https:\/\/monkeyfeet.net\/es\/wp-json\/wp\/v2\/pages"}],"about":[{"href":"https:\/\/monkeyfeet.net\/es\/wp-json\/wp\/v2\/types\/page"}],"author":[{"embeddable":true,"href":"https:\/\/monkeyfeet.net\/es\/wp-json\/wp\/v2\/users\/2"}],"replies":[{"embeddable":true,"href":"https:\/\/monkeyfeet.net\/es\/wp-json\/wp\/v2\/comments?post=15"}],"version-history":[{"count":106,"href":"https:\/\/monkeyfeet.net\/es\/wp-json\/wp\/v2\/pages\/15\/revisions"}],"predecessor-version":[{"id":481,"href":"https:\/\/monkeyfeet.net\/es\/wp-json\/wp\/v2\/pages\/15\/revisions\/481"}],"wp:attachment":[{"href":"https:\/\/monkeyfeet.net\/es\/wp-json\/wp\/v2\/media?parent=15"}],"curies":[{"name":"wp","href":"https:\/\/api.w.org\/{rel}","templated":true}]}}